{"id":1904,"date":"2026-02-27T14:03:00","date_gmt":"2026-02-27T14:03:00","guid":{"rendered":"https:\/\/dealmozambique.com\/?post_type=product&#038;p=1904"},"modified":"2026-03-06T09:23:06","modified_gmt":"2026-03-06T09:23:06","slug":"jbl-tune-520bt","status":"publish","type":"product","link":"https:\/\/dealmozambique.com\/en\/product\/jbl-tune-520bt\/","title":{"rendered":"JBL Tune 520BT"},"content":{"rendered":"<p data-path-to-node=\"5\">Os fones <b data-path-to-node=\"5\" data-index-in-node=\"9\">JBL Tune 520BT<\/b> transmitem o potente som <b data-path-to-node=\"5\" data-index-in-node=\"49\">JBL Pure Bass<\/b> gra\u00e7as \u00e0 \u00faltima tecnologia Bluetooth 5.3. F\u00e1ceis de usar e extremamente vers\u00e1teis, estes fones proporcionam horas de prazer auditivo e conveni\u00eancia para o seu dia a dia.<\/p>\n<p data-path-to-node=\"6\"><b data-path-to-node=\"6\" data-index-in-node=\"0\">Destaques e Funcionalidades:<\/b><\/p>\n<ul data-path-to-node=\"7\">\n<li>\n<p data-path-to-node=\"7,0,0\"><b data-path-to-node=\"7,0,0\" data-index-in-node=\"0\">Som JBL Pure Bass:<\/b> Tecnologia de \u00e1udio renomada mundialmente presente nas casas de espet\u00e1culos mais famosas.<\/p>\n<\/li>\n<li>\n<p data-path-to-node=\"7,1,0\"><b data-path-to-node=\"7,1,0\" data-index-in-node=\"0\">Bateria de Longa Dura\u00e7\u00e3o:<\/b> Aproveite at\u00e9 <b data-path-to-node=\"7,1,0\" data-index-in-node=\"40\">57 horas<\/b> de reprodu\u00e7\u00e3o cont\u00ednua e recarregue totalmente a bateria em apenas 2 horas com o cabo USB-C.<\/p>\n<\/li>\n<li>\n<p data-path-to-node=\"7,2,0\"><b data-path-to-node=\"7,2,0\" data-index-in-node=\"0\">Carga R\u00e1pida:<\/b> Uma carga r\u00e1pida de apenas 5 minutos oferece 3 horas adicionais de m\u00fasica.<\/p>\n<\/li>\n<li>\n<p data-path-to-node=\"7,3,0\"><b data-path-to-node=\"7,3,0\" data-index-in-node=\"0\">Conex\u00f5es Multipontos:<\/b> Alterne sem esfor\u00e7o entre um v\u00eddeo no seu tablet e uma chamada no seu telem\u00f3vel, para que nunca perca uma liga\u00e7\u00e3o.<\/p>\n<\/li>\n<li>\n<p data-path-to-node=\"7,4,0\"><b data-path-to-node=\"7,4,0\" data-index-in-node=\"0\">Chamadas Viva-voz com Voice Aware:<\/b> Controle facilmente o som e gerencie suas chamadas diretamente pelos bot\u00f5es no fone, ouvindo sua pr\u00f3pria voz enquanto fala.<\/p>\n<\/li>\n<li>\n<p data-path-to-node=\"7,5,0\"><b data-path-to-node=\"7,5,0\" data-index-in-node=\"0\">Design Confort\u00e1vel e Dobr\u00e1vel:<\/b> Materiais leves e almofadas macias com uma tiara acolchoada tornam o uso confort\u00e1vel por longos per\u00edodos, enquanto o design dobr\u00e1vel facilita o transporte.<\/p>\n<\/li>\n<li>\n<p data-path-to-node=\"7,6,0\"><b data-path-to-node=\"7,6,0\" data-index-in-node=\"0\">App JBL Headphones:<\/b> Personalize sua experi\u00eancia de audi\u00e7\u00e3o e ajuste o som conforme seu gosto com o equalizador integrado.<\/p>\n<\/li>\n<\/ul>","protected":false},"excerpt":{"rendered":"<p data-path-to-node=\"2\">Fones de ouvido On-Ear JBL Tune 520BT com som JBL Pure Bass e tecnologia Bluetooth 5.3. Oferecem at\u00e9 57 horas de bateria, carregamento r\u00e1pido e chamadas viva-voz, combinando o potente \u00e1udio da JBL com um design dobr\u00e1vel e confort\u00e1vel.<\/p>","protected":false},"featured_media":1907,"comment_status":"open","ping_status":"closed","template":"","meta":{"_acf_changed":false},"product_brand":[],"product_cat":[555],"product_tag":[475,470,467,340,122,472,468,478,469,466,473,474,476,334,464,479,471,465,463,377,477],"class_list":{"0":"post-1904","1":"product","2":"type-product","3":"status-publish","4":"has-post-thumbnail","6":"product_cat-pc-gamer","7":"product_tag-acessorio-de-musica","8":"product_tag-audio-de-alta-qualidade","9":"product_tag-bateria-57-horas","10":"product_tag-bluetooth-5-3","11":"product_tag-carregamento-rapido","12":"product_tag-chamadas-viva-voz","13":"product_tag-conexao-multiponto","14":"product_tag-fone-confortavel","15":"product_tag-fone-dobravel","16":"product_tag-fone-on-ear","17":"product_tag-fone-para-treino","18":"product_tag-fone-para-viagem","19":"product_tag-fone-preto","20":"product_tag-fone-sem-fio","21":"product_tag-fones-de-ouvido-bluetooth","22":"product_tag-jbl","23":"product_tag-jbl-harman","24":"product_tag-jbl-pure-bass","25":"product_tag-jbl-tune-520bt","26":"product_tag-som-potente","27":"product_tag-voice-aware","29":"first","30":"instock","31":"sale","32":"shipping-taxable","33":"purchasable","34":"product-type-variable"},"acf":[],"_links":{"self":[{"href":"https:\/\/dealmozambique.com\/en\/wp-json\/wp\/v2\/product\/1904","targetHints":{"allow":["GET"]}}],"collection":[{"href":"https:\/\/dealmozambique.com\/en\/wp-json\/wp\/v2\/product"}],"about":[{"href":"https:\/\/dealmozambique.com\/en\/wp-json\/wp\/v2\/types\/product"}],"replies":[{"embeddable":true,"href":"https:\/\/dealmozambique.com\/en\/wp-json\/wp\/v2\/comments?post=1904"}],"version-history":[{"count":0,"href":"https:\/\/dealmozambique.com\/en\/wp-json\/wp\/v2\/product\/1904\/revisions"}],"wp:featuredmedia":[{"embeddable":true,"href":"https:\/\/dealmozambique.com\/en\/wp-json\/wp\/v2\/media\/1907"}],"wp:attachment":[{"href":"https:\/\/dealmozambique.com\/en\/wp-json\/wp\/v2\/media?parent=1904"}],"wp:term":[{"taxonomy":"product_brand","embeddable":true,"href":"https:\/\/dealmozambique.com\/en\/wp-json\/wp\/v2\/product_brand?post=1904"},{"taxonomy":"product_cat","embeddable":true,"href":"https:\/\/dealmozambique.com\/en\/wp-json\/wp\/v2\/product_cat?post=1904"},{"taxonomy":"product_tag","embeddable":true,"href":"https:\/\/dealmozambique.com\/en\/wp-json\/wp\/v2\/product_tag?post=1904"}],"curies":[{"name":"wp","href":"https:\/\/api.w.org\/{rel}","templated":true}]}}