{"id":3260,"date":"2026-04-17T13:00:01","date_gmt":"2026-04-17T13:00:01","guid":{"rendered":"https:\/\/dealmozambique.com\/?post_type=product&#038;p=3260"},"modified":"2026-04-17T17:24:42","modified_gmt":"2026-04-17T17:24:42","slug":"agua-quick","status":"publish","type":"product","link":"https:\/\/dealmozambique.com\/en\/product\/agua-quick\/","title":{"rendered":"\u00c1gua Quick"},"content":{"rendered":"<p>\ud83d\udca7 Garrafa de \u00c1gua Quick \u2013 Hidrata\u00e7\u00e3o R\u00e1pida e Sem Complica\u00e7\u00f5es Leve a sua hidrata\u00e7\u00e3o para outro n\u00edvel com a Garrafa de \u00c1gua Quick, feita para quem precisa de praticidade no dia a dia. Com sistema de abertura r\u00e1pida e design inteligente, voc\u00ea bebe \u00e1gua em segundos \u2014 sem esfor\u00e7o, sem derramar. Perfeita para treinos, corridas, trabalho ou qualquer momento do dia, ela combina conforto, resist\u00eancia e estilo em um s\u00f3 produto. \u2728 Por que voc\u00ea vai amar: \ud83d\ude80 Abertura r\u00e1pida (Quick Flip): beba com apenas um clique \ud83d\udca6 \u00c0 prova de vazamentos: leve na mochila sem preocupa\u00e7\u00e3o \ud83d\udd90\ufe0f Design ergon\u00f4mico: encaixa perfeitamente na m\u00e3o \ud83e\uddfc F\u00e1cil de limpar: boca larga e material resistente \ud83c\udf31 Material seguro (livre de BPA): mais sa\u00fade para o seu dia \ud83c\udfaf Uso vers\u00e1til: academia, escola, trabalho, viagens e muito mais \ud83d\udd25 Ideal para quem quer praticidade, mobilidade e n\u00e3o abre m\u00e3o de se manter hidratado em qualquer lugar.<\/p>","protected":false},"excerpt":{"rendered":"<p>\ud83d\udca7 Garrafa de \u00c1gua Quick \u2013 Hidrata\u00e7\u00e3o R\u00e1pida e Sem Complica\u00e7\u00f5es Leve a sua hidrata\u00e7\u00e3o para outro n\u00edvel com a Garrafa de \u00c1gua Quick, feita para quem precisa de praticidade no dia a dia. Com sistema de abertura r\u00e1pida e design inteligente, voc\u00ea bebe \u00e1gua em segundos \u2014 sem esfor\u00e7o, sem derramar. Perfeita para treinos, corridas, trabalho ou qualquer momento do dia, ela combina conforto, resist\u00eancia e estilo em um s\u00f3 produto. \u2728 Por que voc\u00ea vai amar: \ud83d\ude80 Abertura r\u00e1pida (Quick Flip): beba com apenas um clique \ud83d\udca6 \u00c0 prova de vazamentos: leve na mochila sem preocupa\u00e7\u00e3o \ud83d\udd90\ufe0f Design ergon\u00f4mico: encaixa perfeitamente na m\u00e3o \ud83e\uddfc F\u00e1cil de limpar: boca larga e material resistente \ud83c\udf31 Material seguro (livre de BPA): mais sa\u00fade para o seu dia \ud83c\udfaf Uso vers\u00e1til: academia, escola, trabalho, viagens e muito mais \ud83d\udd25 Ideal para quem quer praticidade, mobilidade e n\u00e3o abre m\u00e3o de se manter hidratado em qualquer lugar.<\/p>","protected":false},"featured_media":3263,"comment_status":"open","ping_status":"closed","template":"","meta":{"_acf_changed":false},"product_brand":[],"product_cat":[556],"product_tag":[386],"class_list":{"0":"post-3260","1":"product","2":"type-product","3":"status-publish","4":"has-post-thumbnail","6":"product_cat-deal-eats","7":"product_tag-a-prova-dagua","9":"first","10":"instock","11":"sale","12":"shipping-taxable","13":"purchasable","14":"product-type-simple"},"acf":[],"_links":{"self":[{"href":"https:\/\/dealmozambique.com\/en\/wp-json\/wp\/v2\/product\/3260","targetHints":{"allow":["GET"]}}],"collection":[{"href":"https:\/\/dealmozambique.com\/en\/wp-json\/wp\/v2\/product"}],"about":[{"href":"https:\/\/dealmozambique.com\/en\/wp-json\/wp\/v2\/types\/product"}],"replies":[{"embeddable":true,"href":"https:\/\/dealmozambique.com\/en\/wp-json\/wp\/v2\/comments?post=3260"}],"version-history":[{"count":3,"href":"https:\/\/dealmozambique.com\/en\/wp-json\/wp\/v2\/product\/3260\/revisions"}],"predecessor-version":[{"id":3266,"href":"https:\/\/dealmozambique.com\/en\/wp-json\/wp\/v2\/product\/3260\/revisions\/3266"}],"wp:featuredmedia":[{"embeddable":true,"href":"https:\/\/dealmozambique.com\/en\/wp-json\/wp\/v2\/media\/3263"}],"wp:attachment":[{"href":"https:\/\/dealmozambique.com\/en\/wp-json\/wp\/v2\/media?parent=3260"}],"wp:term":[{"taxonomy":"product_brand","embeddable":true,"href":"https:\/\/dealmozambique.com\/en\/wp-json\/wp\/v2\/product_brand?post=3260"},{"taxonomy":"product_cat","embeddable":true,"href":"https:\/\/dealmozambique.com\/en\/wp-json\/wp\/v2\/product_cat?post=3260"},{"taxonomy":"product_tag","embeddable":true,"href":"https:\/\/dealmozambique.com\/en\/wp-json\/wp\/v2\/product_tag?post=3260"}],"curies":[{"name":"wp","href":"https:\/\/api.w.org\/{rel}","templated":true}]}}